{"id":365,"date":"2023-02-19T17:16:21","date_gmt":"2023-02-19T16:16:21","guid":{"rendered":"https:\/\/www.restaurant-waistuff.lu\/speisekarte"},"modified":"2023-02-19T17:16:21","modified_gmt":"2023-02-19T16:16:21","slug":"speisekarte","status":"publish","type":"page","link":"https:\/\/www.restaurant-waistuff.lu\/en\/speisekarte","title":{"rendered":"Speisekarte"},"content":{"rendered":"<p class=\"qtranxs-available-languages-message qtranxs-available-languages-message-en\">Sorry, this entry is only available in <a href=\"https:\/\/www.restaurant-waistuff.lu\/de\/wp-json\/wp\/v2\/pages\/365\" class=\"qtranxs-available-language-link qtranxs-available-language-link-de\" title=\"DE\">DE<\/a>.<\/p><p>1 Gluten, 2 Crustac\u00e8s, 3 Oeufs, 4 Poissons, 5 Arachide, 6 Soja, 7 Produits laitiers, 8 Fruits \u00e0 coque, 9 C\u00e9lerie, 10 Moutarde,11 Sesam, 12 Sulfites, 13 Lupin, 14 Mollusques<\/p>","protected":false},"excerpt":{"rendered":"<p>Sorry, this entry is only available in DE.1 Gluten, 2 Crustac\u00e8s, 3 Oeufs, 4 Poissons, 5 Arachide, 6 Soja, 7 Produits laitiers, 8 Fruits \u00e0 coque, 9 C\u00e9lerie, 10 Moutarde,11 Sesam, 12 Sulfites, 13 Lupin, 14 Mollusques<\/p>\n","protected":false},"author":2,"featured_media":0,"parent":0,"menu_order":2,"comment_status":"closed","ping_status":"closed","template":"template-menus.php","meta":{"_acf_changed":false,"footnotes":""},"class_list":["post-365","page","type-page","status-publish","hentry"],"acf":[],"_links":{"self":[{"href":"https:\/\/www.restaurant-waistuff.lu\/en\/wp-json\/wp\/v2\/pages\/365","targetHints":{"allow":["GET"]}}],"collection":[{"href":"https:\/\/www.restaurant-waistuff.lu\/en\/wp-json\/wp\/v2\/pages"}],"about":[{"href":"https:\/\/www.restaurant-waistuff.lu\/en\/wp-json\/wp\/v2\/types\/page"}],"author":[{"embeddable":true,"href":"https:\/\/www.restaurant-waistuff.lu\/en\/wp-json\/wp\/v2\/users\/2"}],"replies":[{"embeddable":true,"href":"https:\/\/www.restaurant-waistuff.lu\/en\/wp-json\/wp\/v2\/comments?post=365"}],"version-history":[{"count":0,"href":"https:\/\/www.restaurant-waistuff.lu\/en\/wp-json\/wp\/v2\/pages\/365\/revisions"}],"wp:attachment":[{"href":"https:\/\/www.restaurant-waistuff.lu\/en\/wp-json\/wp\/v2\/media?parent=365"}],"curies":[{"name":"wp","href":"https:\/\/api.w.org\/{rel}","templated":true}]}}